{"id":142,"date":"2013-03-12T14:13:41","date_gmt":"2013-03-12T14:13:41","guid":{"rendered":"http:\/\/bull.bokasafndagsbrunar.is\/?page_id=142"},"modified":"2023-03-30T14:44:20","modified_gmt":"2023-03-30T14:44:20","slug":"bokaskrar-safnsins","status":"publish","type":"page","link":"https:\/\/bokasafndagsbrunar.is\/?page_id=142","title":{"rendered":"B\u00f3kaskr\u00e1r"},"content":{"rendered":"<p><\/p>\n<p>\n\t&nbsp;\n<\/p>\n<h2 style=\"margin-left: 2%; margin-right: 2%; text-align: justify;\">\n\tF&aacute;g&aelig;tisskr&aacute;<br \/>\n<\/h2>\n<p style=\"margin-left: 2%; margin-right: 2%;\">\n\t&Iacute; f&aacute;g&aelig;tisskr&aacute;nni eru um 800 b&aelig;kur.&nbsp; H&eacute;r er h&aelig;gt a&eth; n&aacute;lgast skr&aacute;nna, en &thorn;essar b&aelig;kur eru einnig skr&aacute;&eth;ar &iacute; Gegni.\n<\/p>\n<p style=\"margin-left: 2%; margin-right: 2%;\">\n\t<a href=\"http:\/\/bokasafndagsbrunar.is\/?page_id=260\" target=\"_blank\" rel=\"noopener\">F&aacute;g&aelig;tisskr&aacute; &aacute; vefnum<\/a>\n<\/p>\n<p style=\"margin-left: 2%; margin-right: 2%;\">\n\t<a href=\"http:\/\/bokasafndagsbrunar.is\/wp-content\/uploads\/2013\/04\/F\u00e1g\u00e6tisskr\u00e1_exel.xlt\">F&aacute;g&aelig;tisskr&aacute; &iacute; exelskjali<\/a>\n<\/p>\n<h2 style=\"margin-left: 2%; margin-right: 2%;\">\n\tOpinn a&eth;gangur&nbsp;<br \/>\n<\/h2>\n<p style=\"margin-left: 2%; margin-right: 2%;\">\n\tB&oacute;kasafn Dagsbr&uacute;nar hefur a&eth;sto&eth;a&eth; h&ouml;funda\/r&eacute;tthafa vi&eth; a&eth; koma ritum s&iacute;num &iacute; opinn a&eth;gang. Ritin eru n&uacute; a&eth;gengileg&nbsp;&ouml;llum &iacute; gegnum Interneti&eth; og heldur b&oacute;kasafni&eth; skr&aacute; um &thorn;au.\n<\/p>\n<p style=\"margin-left: 2%; margin-right: 2%;\">\n\t<a href=\"http:\/\/bokasafndagsbrunar.is\/?page_id=214\" target=\"_self\" rel=\"noopener\">Skr&aacute;nna m&aacute; finna h&eacute;r<\/a>\n<\/p>\n<h2 style=\"margin-left: 2%; margin-right: 2%; text-align: justify;\">\n\t&nbsp;<br \/>\n<\/h2>\n<p><\/p>","protected":false},"excerpt":{"rendered":"<p>&nbsp; F&aacute;g&aelig;tisskr&aacute; &Iacute; f&aacute;g&aelig;tisskr&aacute;nni eru um 800 b&aelig;kur.&nbsp; H&eacute;r er h&aelig;gt a&eth; n&aacute;lgast skr&aacute;nna, en &thorn;essar b&aelig;kur eru einnig skr&aacute;&eth;ar &iacute; Gegni. F&aacute;g&aelig;tisskr&aacute; &aacute; vefnum F&aacute;g&aelig;tisskr&aacute; &iacute; exelskjali Opinn a&eth;gangur&nbsp; B&oacute;kasafn Dagsbr&uacute;nar hefur a&eth;sto&eth;a&eth; h&ouml;funda\/r&eacute;tthafa vi&eth; a&eth; koma ritum s&iacute;num &iacute; opinn a&eth;gang. Ritin eru n&uacute; a&eth;gengileg&nbsp;&ouml;llum &iacute; gegnum Interneti&eth; &hellip; <span class=\"continue-reading\"><a href=\"https:\/\/bokasafndagsbrunar.is\/?page_id=142\">Continue reading <span class=\"meta-nav\">&rarr;<\/span><\/a><\/span><\/p>\n","protected":false},"author":7,"featured_media":0,"parent":0,"menu_order":0,"comment_status":"closed","ping_status":"open","template":"","meta":{"footnotes":""},"class_list":["post-142","page","type-page","status-publish","hentry"],"_links":{"self":[{"href":"https:\/\/bokasafndagsbrunar.is\/index.php?rest_route=\/wp\/v2\/pages\/142","targetHints":{"allow":["GET"]}}],"collection":[{"href":"https:\/\/bokasafndagsbrunar.is\/index.php?rest_route=\/wp\/v2\/pages"}],"about":[{"href":"https:\/\/bokasafndagsbrunar.is\/index.php?rest_route=\/wp\/v2\/types\/page"}],"author":[{"embeddable":true,"href":"https:\/\/bokasafndagsbrunar.is\/index.php?rest_route=\/wp\/v2\/users\/7"}],"replies":[{"embeddable":true,"href":"https:\/\/bokasafndagsbrunar.is\/index.php?rest_route=%2Fwp%2Fv2%2Fcomments&post=142"}],"version-history":[{"count":47,"href":"https:\/\/bokasafndagsbrunar.is\/index.php?rest_route=\/wp\/v2\/pages\/142\/revisions"}],"predecessor-version":[{"id":782,"href":"https:\/\/bokasafndagsbrunar.is\/index.php?rest_route=\/wp\/v2\/pages\/142\/revisions\/782"}],"wp:attachment":[{"href":"https:\/\/bokasafndagsbrunar.is\/index.php?rest_route=%2Fwp%2Fv2%2Fmedia&parent=142"}],"curies":[{"name":"wp","href":"https:\/\/api.w.org\/{rel}","templated":true}]}}