{"id":214,"date":"2013-04-09T15:26:22","date_gmt":"2013-04-09T15:26:22","guid":{"rendered":"http:\/\/bull.bokasafndagsbrunar.is\/?page_id=214"},"modified":"2016-08-29T13:29:37","modified_gmt":"2016-08-29T13:29:37","slug":"opinn-adgangur-2","status":"publish","type":"page","link":"https:\/\/bokasafndagsbrunar.is\/?page_id=214","title":{"rendered":"Opinn a\u00f0gangur"},"content":{"rendered":"<p><\/p>\n<div style=\"margin-left:40px;margin-right:40px;\">\n<p>\n\t\t\u00a0\n\t<\/p>\n<p>\n\t\t<strong>Opinn a\u00f0gangur<\/strong>\n\t<\/p>\n<\/p>\n<p>\nB\u00f3kasafn Dagsbr\u00fanar veitir h\u00f6fundum a\u00f0sto\u00f0 vi\u00f0 a\u00f0 koma b\u00f3kum s\u00ednum\u00a0\u00ed\u00a0<a href=\"http:\/\/opinnadgangur.is\/\">opinn a\u00f0gang<\/a>.\u00a0Til eru nokkrar lei\u00f0ir sem kosta l\u00edti\u00f0 e\u00f0a ekkert. Okkar r\u00e1\u00f0gj\u00f6f er alltaf\u00a0kostna\u00f0arlaus.<\/p>\n<p><p>A\u00f0 h\u00f6fundi l\u00e1tnum helst h\u00f6fundar\u00e9ttur af ritverkum hans \u00ed 70 \u00e1r, \u00f3h\u00e1\u00f0 \u00fev\u00ed hvort b\u00e6kurnar seljist enn e\u00f0ur ei. H\u00f6fundurinn er ekki lengur til sta\u00f0ar og l\u00f6gerfingjar hans hafa oft ekki \u00e1huga. Ef ekkert er gert ver\u00f0a b\u00e6kurnar \u201emuna\u00f0arlausar\u201d &#8212; \u00fe\u00e6r eru til prenta\u00f0ar \u00e1 b\u00f3kas\u00f6fnum, en enginn getur b\u00fai\u00f0 til fleiri eint\u00f6k, hva\u00f0 \u00fe\u00e1 rafr\u00e6n eint\u00f6k. \u00cd dag er h\u00e6tta \u00e1 a\u00f0 st\u00f3r hluti \u00edslenskra fr\u00e6\u00f0irita fr\u00e1 s\u00ed\u00f0ari hluta 20. aldar detti inn \u00ed muna\u00f0arleysi. Margir eldri fr\u00e6\u00f0irith\u00f6fundar vilja \u00fe\u00f3 gjarnan leyfa opinn, rafr\u00e6nan a\u00f0gang a\u00f0 b\u00f3kum s\u00ednum eftir andl\u00e1t sitt og jafnvel strax en skortir kunn\u00e1ttu og a\u00f0sto\u00f0 til a\u00f0 koma \u00fev\u00ed \u00ed framkv\u00e6md. <\/p>\n<p> Starfsf\u00f3lk b\u00f3kasafnsins var\u00f0 vart vi\u00f0 \u00feennan vanda \u00feegar h\u00f6fundar sem vi\u00f0 \u00feekktum\u00a0b\u00e1\u00f0u um a\u00f0sto\u00f0 vi\u00f0 a\u00f0 koma ritum s\u00ednum \u00ed sem v\u00ed\u00f0asta dreifingu.\u00a0\u00deau rit sem safni\u00f0 er helst a\u00f0 a\u00f0sto\u00f0a h\u00f6funda me\u00f0 eru fr\u00e6\u00f0irit \u00fear sem markmi\u00f0 me\u00f0 \u00fatg\u00e1fu \u00feeirra var aldrei gr\u00f3\u00f0i, heldur a\u00f0 mi\u00f0la \u00e1fram \u00feekkingu. Einnig eru \u00feetta yfirleitt eldri rit sem eru uppseld (e. out of print) og h\u00f6fundar aftur komnir me\u00f0 \u00fatg\u00e1fur\u00e9tt ritsins \u00ed s\u00ednar hendur. Oft eru \u00feetta eldri h\u00f6fundar, sem eru me\u00f0vita\u00f0ir um a\u00f0 \u00feeir ver\u00f0a ekki alltaf til sta\u00f0ar til a\u00f0 selja og dreifa ritum s\u00ednum.\u00a0\u00deeir eru gjarnan s\u00e9rfr\u00e6\u00f0ingar \u00ed s\u00ednu fagi en \u00feekkja l\u00edti\u00f0 til \u00fatg\u00e1fum\u00e1la og \u00feurfa \u00fev\u00ed a\u00f0sto\u00f0 \u00ed \u00feeim efnum.<\/p>\n<p><p> Stundum \u00fearf a\u00f0 leita sam\u00feykkis upprunalegs \u00fatgefanda b\u00f3karinnar e\u00f0a sta\u00f0festingu um a\u00f0 hann \u00e6tli ekki a\u00f0 gefa verki\u00f0 \u00fat aftur \u00e1\u00f0ur en h\u00e6gt er a\u00f0 \u201efrelsa\u201c b\u00f3kina og koma henni \u00fear me\u00f0 \u00ed opinn a\u00f0gang.<\/p>\n<p>Ef \u00fe\u00fa hefur rit undir h\u00f6ndum sem \u00fe\u00fa vilt koma \u00ed opinn a\u00f0gang, hvort sem \u00fe\u00fa ert rith\u00f6fundur \u00feess e\u00f0a erfingi rith\u00f6fundar, \u00fe\u00e1 hvetjum vi\u00f0 \u00feig til a\u00f0 hafa samband vi\u00f0 starfsf\u00f3lk B\u00f3kasafns Dagsbr\u00fanar \u00e1 netfangi\u00f0 <a href=\"mailto:bokasafn@akademia.is\">bokasafn@akademia.is<\/a> e\u00f0a \u00ed s\u00edma 562-8560.<\/p>\n<p> Anna\u00f0 verkefni starfsf\u00f3lks b\u00f3kasafnsins er a\u00f0 tengja sk\u00f6nnu\u00f0 \u00edslensk rit hj\u00e1 HathiTrust (samstarfsverkefni st\u00e6rstu bandar\u00edskra h\u00e1sk\u00f3lab\u00f3kasafna) vi\u00f0 Gegni, sameiginlegan gagnagrunn \u00edslenskra b\u00f3kasafna. \u00deessi rit voru almennt gefin \u00fat fyrir 1874 og eru oft f\u00e1g\u00e6t. \u00cd HathiTrust m\u00e1 einnig finna \u00edslensk rit sem eru enn \u00ed h\u00f6fundar\u00e9tti og eru \u00fe.a.l. ekki fullur a\u00f0gangur a\u00f0 \u00feeim. Starfsf\u00f3lk B\u00f3kasafns Dagsbr\u00fanar hefur a\u00f0sto\u00f0a\u00f0 h\u00f6funda vi\u00f0 a\u00f0 opna fullan a\u00f0gang a\u00f0 m\u00f6rgum \u00feeirra rita \u00ed HathiTrust. <\/p>\n<p>&nbsp;<\/p>\n<p><b>H\u00e9r a\u00f0 ne\u00f0an m\u00e1 finna lista yfir \u00fe\u00e6r b\u00e6kur sem B\u00f3kasafn Dagsbr\u00fanar hefur a\u00f0sto\u00f0a\u00f0 h\u00f6funda vi\u00f0 a\u00f0 gefa fullan a\u00f0gang a\u00f0 \u00ed HathiTrust og\/e\u00f0a \u00e1 Google Books.  <\/b><\/p>\n<p>&nbsp;<\/p>\n<p><a href=\"http:\/\/hdl.handle.net\/2027\/uc1.31822026158931\">Arnar Bjarnason, <i>Export or die: the Icelandic fishing industry<\/i><\/a>\n<\/p>\n<p><a href=\"http:\/\/books.google.is\/books?isbn=997997432X\">\u00c1g\u00fast Einarsson, <i>Greinasafn: \u00farval greina og erinda um stj\u00f3rnm\u00e1l, menningu &#8230;<\/i><\/a>\n<\/p>\n<p><a href=\"http:\/\/books.google.is\/books?isbn=9979988304\">\u00c1g\u00fast Einarsson, <i>Greinasafn: s\u00ed\u00f0ara bindi: \u00farval greina og erinda um &#8230;<\/i><\/a>\n<\/p>\n<p><a href=\"http:\/\/books.google.is\/books?isbn=9935909301\">\u00c1g\u00fast Einarsson, <i>Hagr\u00e6n \u00e1hrif kvikmyndalistar<\/i><\/a>\n<\/p>\n<p><a href=\"http:\/\/books.google.is\/books?isbn=9979955953\">\u00c1g\u00fast Einarsson, <i>Hagr\u00e6n \u00e1hrif t\u00f3nlistar<\/i><\/a>\n<\/p>\n<p><a href=\"http:\/\/hdl.handle.net\/2027\/wu.89050888510\">Dagn\u00fd Kristj\u00e1nsd\u00f3ttir, <i>Frelsi og \u00f6ryggi<\/i><\/a>\n<\/p>\n<p><a href=\"http:\/\/books.google.com\/books?isbn=9979704039\">Eir\u00edkur Bergmann Einarsson, \u200eJ\u00f3n \u00de\u00f3r Sturluson, <i>Hva\u00f0 me\u00f0 evruna?<\/i><\/a>\n<\/p>\n<p><a href=\"http:\/\/hdl.handle.net\/2027\/wu.89016245128\">Eysteinn Sigur\u00f0sson, <i>B\u00f3lu-Hj\u00e1lmar<\/i><\/a>\n<\/p>\n<p><a href=\"http:\/\/hdl.handle.net\/2027\/wu.89017681123\">Fri\u00f0rik Haukur Hallsson, <i>\u00datlendur her \u00e1 \u00cdslandi<\/i><\/a>\n<\/p>\n<p><a href=\"http:\/\/hdl.handle.net\/2027\/wu.89070638093\">Fri\u00f0\u00fe\u00f3r Eydal, <i>V\u00edgdrekar og vopnagn\u00fdr<\/i><\/a>\n<\/p>\n<p><a href=\"http:\/\/hdl.handle.net\/2027\/uc1.b3524053\">G\u00edsli Gunnarsson, <i>Monopoly trade and economic stagnation<\/i><\/a>\n<\/p>\n<p><a href=\"http:\/\/hdl.handle.net\/2027\/coo.31924102196619\">G\u00edsli Gunnarsson, <i>Fiskurinn sem munkunum \u00fe\u00f3tti bestur<\/i><\/a>\n<\/p>\n<p><a href=\"http:\/\/hdl.handle.net\/2027\/coo.31924050878101\">G\u00edsli Gunnarsson, <i>Upp er bo\u00f0i\u00f0 \u00cdsaland<\/i><\/a>\n<\/p>\n<p><a href=\"http:\/\/hdl.handle.net\/2027\/coo.31924008546875\">G\u00edsli Gunnarsson, <i>A study of causal relations in climate and history<\/i><\/a>\n<\/p>\n<p><a href=\"http:\/\/hdl.handle.net\/2027\/coo.31924008609194\">G\u00edsli Gunnarsson, <i>Fertility and nuptiality in Iceland&#8217;s demographic history<\/i><\/a>\n<\/p>\n<p><a href=\"http:\/\/hdl.handle.net\/2027\/coo.31924050604218\">G\u00edsli Gunnarsson, <i>The sex ratio, the infant mortality &#8230;<\/i><\/a>\n<\/p>\n<p><a href=\"http:\/\/hdl.handle.net\/2027\/uc1.b4156369\">Gunnar Karlsson, <i>Hvarst\u00e6\u00f0a<\/i><\/a>\n<\/p>\n<p><a href=\"http:\/\/hdl.handle.net\/2027\/uc1.b3874272\">Gunnar Karlsson, <i>A\u00f0 l\u00e6ra af s\u00f6gu<\/i><\/a>\n<\/p>\n<p><a href=\"http:\/\/hdl.handle.net\/2027\/mdp.39015016997390\">Halld\u00f3r \u00c1rmann Sigur\u00f0sson, <i>Verbal syntax and case in Icelandic<\/i><\/a>\n<\/p>\n<p><a href=\"http:\/\/hdl.handle.net\/2027\/wu.89009296088\">Helga Kress, <i>Gu\u00f0mundur Kamban<\/i><\/a>\n<\/p>\n<p><a href=\"http:\/\/hdl.handle.net\/2027\/uc1.b4097671\">Helga Kress, <i>M\u00e1ttugar meyjar<\/i><\/a>\n<\/p>\n<p><a href=\"http:\/\/hdl.handle.net\/2027\/wu.89013220991\">Helgi Sk\u00fali Kjartansson, <i>Myndm\u00e1l Pass\u00edus\u00e1lmanna<\/i><\/a>\n<\/p>\n<p><a href=\"http:\/\/books.google.com\/books?isbn=997954404X\">Hildigunnur \u00d3lafsd\u00f3ttir, <i>Alcoholics Anonymous in Iceland<\/i><\/a>\n<\/p>\n<p><!--\n\n<p><a href=\"http:\/\/hdl.handle.net\/2027\/coo.31924100454168\">J\u00f3n Baldvin Hannibalsson og Kolbr\u00fan Berg\u00fe\u00f3rsd\u00f3ttir, <i>Tilhugal\u00edf<\/i><\/a>\n<\/p>\n\n--><\/p>\n<p><a href=\"http:\/\/hdl.handle.net\/2027\/uc1.b3690355\">J\u00f3n Gunnar Grjetarsson, <i>S\u00edber\u00eda: atvinnub\u00f3tavinna \u00e1 kreppu\u00e1runum<\/i><\/a>\n<\/p>\n<p><a href=\"http:\/\/hdl.handle.net\/2027\/mdp.39015015381786\">J\u00f3n Fri\u00f0j\u00f3nsson, <i>Phonetics of modern Icelandic<\/i><\/a>\n<\/p>\n<p><a href=\"http:\/\/books.google.com\/books?isbn=9979604824\">J\u00f3n Sigur\u00f0sson, <i>Bifrastar\u00e6vint\u00fdri\u00f0 og J\u00f3nasarsk\u00f3linn: skerfur og saga<\/i><\/a>\n<\/p>\n<p><a href=\"http:\/\/hdl.handle.net\/2027\/uc1.b3876774\">J\u00f3n \u00de. \u00de\u00f3r, <i>Landhelgi \u00cdslands, 1901-1952<\/i><\/a>\n<\/p>\n<p><a href=\"http:\/\/hdl.handle.net\/2027\/uc1.b3818601\">Loftur Guttormsson, <i>Bernska, ungd\u00f3mur og uppeldi \u00e1 einveldis\u00f6ld<\/i><\/a>\n<\/p>\n<p><a href=\"http:\/\/hdl.handle.net\/2027\/mdp.39015066008767\">Matth\u00edas Vi\u00f0ar S\u00e6mundsson, <i>\u00c1st og \u00fatleg\u00f0<\/i><\/a>\n<\/p>\n<p><a href=\"http:\/\/hdl.handle.net\/2027\/mdp.39015066008783\">Matth\u00edas Vi\u00f0ar S\u00e6mundsson, <i>Mynd n\u00fat\u00edmamannsins<\/i><\/a>\n<\/p>\n<p><a href=\"http:\/\/hdl.handle.net\/2027\/wu.89010155232\">P\u00e1ll Bjarnason, <i>A\u0301stakve\u00f0skapur Bjarna Thorarensens og Jo\u0301nasar Hallgri\u0301mssonar<\/i><\/a>\n<\/p>\n<p><a href=\"http:\/\/hdl.handle.net\/2027\/mdp.39015019636912\">P\u00e1ll Valsson, <i>\u00de\u00f6gnin er eins og \u00feaninn strengur<\/i><\/a>\n<\/p>\n<p><a href=\"http:\/\/hdl.handle.net\/2027\/mdp.39015051284498\">Sigr\u00ed\u00f0ur D\u00fana Kristmundsd\u00f3ttir, <i>Doing and becoming<\/i><\/a>\n<\/p>\n<p><a href=\"http:\/\/hdl.handle.net\/2027\/uc1.32106005282832\">Sigr\u00ed\u00f0ur Valfells og James Cathey, <i>Old Icelandic: an introductory course<\/i><\/a>\n<\/p>\n<p><a href=\"http:\/\/books.google.com\/books?isbn=9979992247\">Sumarli\u00f0i R. \u00cdsleifsson, \u00de\u00f3runn Sigur\u00f0ard\u00f3ttir, <i>Samf\u00e9lagsleg \u00e1hrif verkal\u00fd\u00f0shreyfingarinnar \u00e1 20. \u00f6ld: &#8230;<\/i><\/a>\n<\/p>\n<p><a href=\"http:\/\/hdl.handle.net\/2027\/wu.89058698895\">Svanur Kristj\u00e1nsson, <i>Fr\u00e1 flokksr\u00e6\u00f0i til pers\u00f3nustj\u00f3rnm\u00e1la<\/i><\/a>\n<\/p>\n<p><a href=\"http:\/\/hdl.handle.net\/2027\/inu.39000005533158\">V\u00e9steinn \u00d3lason, <i>The traditional ballads of Iceland<\/i><\/a>\n<\/p>\n<p><a href=\"http:\/\/hdl.handle.net\/2027\/uc1.$b497209\">\u00deorleifur Hauksson, <i>Arna saga biskups<\/i><\/a>\n<\/p>\n<p><a href=\"http:\/\/hdl.handle.net\/2027\/wu.89008527657\">\u00deorleifur Hauksson, <i>Endurteknar myndir \u00ed kve\u00f0skap Bjarna Thorarensens<\/i><\/a>\n<\/p>\n<p><a href=\"http:\/\/hdl.handle.net\/2027\/mdp.39015066008775\">\u00de\u00f3rir \u00d3skarsson, <i>Undarleg t\u00e1kn \u00e1 t\u00edmans b\u00e1rum<\/i><\/a>\n<\/p>\n<p><\/p>","protected":false},"excerpt":{"rendered":"<p>\u00a0 Opinn a\u00f0gangur B\u00f3kasafn Dagsbr\u00fanar veitir h\u00f6fundum a\u00f0sto\u00f0 vi\u00f0 a\u00f0 koma b\u00f3kum s\u00ednum\u00a0\u00ed\u00a0opinn a\u00f0gang.\u00a0Til eru nokkrar lei\u00f0ir sem kosta l\u00edti\u00f0 e\u00f0a ekkert. Okkar r\u00e1\u00f0gj\u00f6f er alltaf\u00a0kostna\u00f0arlaus. A\u00f0 h\u00f6fundi l\u00e1tnum helst h\u00f6fundar\u00e9ttur af ritverkum hans \u00ed 70 \u00e1r, \u00f3h\u00e1\u00f0 \u00fev\u00ed hvort b\u00e6kurnar seljist enn e\u00f0ur ei. H\u00f6fundurinn er ekki lengur til &hellip; <span class=\"continue-reading\"><a href=\"https:\/\/bokasafndagsbrunar.is\/?page_id=214\">Continue reading <span class=\"meta-nav\">&rarr;<\/span><\/a><\/span><\/p>\n","protected":false},"author":7,"featured_media":0,"parent":0,"menu_order":0,"comment_status":"closed","ping_status":"open","template":"","meta":{"footnotes":""},"class_list":["post-214","page","type-page","status-publish","hentry"],"_links":{"self":[{"href":"https:\/\/bokasafndagsbrunar.is\/index.php?rest_route=\/wp\/v2\/pages\/214","targetHints":{"allow":["GET"]}}],"collection":[{"href":"https:\/\/bokasafndagsbrunar.is\/index.php?rest_route=\/wp\/v2\/pages"}],"about":[{"href":"https:\/\/bokasafndagsbrunar.is\/index.php?rest_route=\/wp\/v2\/types\/page"}],"author":[{"embeddable":true,"href":"https:\/\/bokasafndagsbrunar.is\/index.php?rest_route=\/wp\/v2\/users\/7"}],"replies":[{"embeddable":true,"href":"https:\/\/bokasafndagsbrunar.is\/index.php?rest_route=%2Fwp%2Fv2%2Fcomments&post=214"}],"version-history":[{"count":82,"href":"https:\/\/bokasafndagsbrunar.is\/index.php?rest_route=\/wp\/v2\/pages\/214\/revisions"}],"predecessor-version":[{"id":726,"href":"https:\/\/bokasafndagsbrunar.is\/index.php?rest_route=\/wp\/v2\/pages\/214\/revisions\/726"}],"wp:attachment":[{"href":"https:\/\/bokasafndagsbrunar.is\/index.php?rest_route=%2Fwp%2Fv2%2Fmedia&parent=214"}],"curies":[{"name":"wp","href":"https:\/\/api.w.org\/{rel}","templated":true}]}}